{"id":646,"date":"2017-07-17T15:22:55","date_gmt":"2017-07-17T13:22:55","guid":{"rendered":"http:\/\/asadepfrvn.cluster023.hosting.ovh.net\/?page_id=646"},"modified":"2019-09-16T14:56:08","modified_gmt":"2019-09-16T12:56:08","slug":"dossier_nlv","status":"publish","type":"page","link":"https:\/\/asadep.fr\/index.php\/dossier_nlv\/","title":{"rendered":"Nicolas-Louis Vauquelin"},"content":{"rendered":"<div id=\"pl-646\"  class=\"panel-layout\" ><div id=\"pg-646-0\"  class=\"panel-grid panel-no-style\" ><div id=\"pgc-646-0-0\"  class=\"panel-grid-cell\" ><div id=\"panel-646-0-0-0\" class=\"so-panel widget widget_sow-slider panel-first-child panel-last-child\" data-index=\"0\" ><div\n\t\t\t\n\t\t\tclass=\"so-widget-sow-slider so-widget-sow-slider-default-6d39609536fd-646\"\n\t\t\t\n\t\t>\t\t\t\t<div class=\"sow-slider-base\" style=\"display: none\" tabindex=\"0\">\n\t\t\t\t\t<ul\n\t\t\t\t\tclass=\"sow-slider-images\"\n\t\t\t\t\tdata-settings=\"{&quot;pagination&quot;:true,&quot;speed&quot;:800,&quot;timeout&quot;:8000,&quot;paused&quot;:false,&quot;pause_on_hover&quot;:false,&quot;swipe&quot;:true,&quot;nav_always_show_desktop&quot;:&quot;&quot;,&quot;nav_always_show_mobile&quot;:&quot;&quot;,&quot;breakpoint&quot;:&quot;780px&quot;,&quot;unmute&quot;:false,&quot;anchor&quot;:null}\"\n\t\t\t\t\t\t\t\t\t\tdata-anchor-id=\"\"\n\t\t\t\t>\t\t<li class=\"sow-slider-image\" style=\"visibility: visible;\" >\n\t\t\t\t\t\t<img loading=\"lazy\" decoding=\"async\" width=\"1439\" height=\"464\" src=\"https:\/\/asadep.fr\/wp-content\/uploads\/2017\/06\/DSC01908-Large-e1498031113280.jpg\" class=\"sow-slider-background-image\" alt=\"\" style=\"\" srcset=\"https:\/\/asadep.fr\/wp-content\/uploads\/2017\/06\/DSC01908-Large-e1498031113280.jpg 1439w, https:\/\/asadep.fr\/wp-content\/uploads\/2017\/06\/DSC01908-Large-e1498031113280-300x97.jpg 300w, https:\/\/asadep.fr\/wp-content\/uploads\/2017\/06\/DSC01908-Large-e1498031113280-768x248.jpg 768w, https:\/\/asadep.fr\/wp-content\/uploads\/2017\/06\/DSC01908-Large-e1498031113280-1024x330.jpg 1024w, https:\/\/asadep.fr\/wp-content\/uploads\/2017\/06\/DSC01908-Large-e1498031113280-248x80.jpg 248w\" sizes=\"auto, (max-width: 1439px) 100vw, 1439px\" \/>\t\t<\/li>\n\t\t\t\t<li class=\"sow-slider-image\" style=\"visibility: hidden;\" >\n\t\t\t\t\t\t<img loading=\"lazy\" decoding=\"async\" width=\"2011\" height=\"647\" src=\"https:\/\/asadep.fr\/wp-content\/uploads\/2017\/07\/logo-asadep4_milieu-e1500987394422.png\" class=\"sow-slider-background-image\" alt=\"\" style=\"\" srcset=\"https:\/\/asadep.fr\/wp-content\/uploads\/2017\/07\/logo-asadep4_milieu-e1500987394422.png 2011w, https:\/\/asadep.fr\/wp-content\/uploads\/2017\/07\/logo-asadep4_milieu-e1500987394422-300x97.png 300w, https:\/\/asadep.fr\/wp-content\/uploads\/2017\/07\/logo-asadep4_milieu-e1500987394422-768x247.png 768w, https:\/\/asadep.fr\/wp-content\/uploads\/2017\/07\/logo-asadep4_milieu-e1500987394422-1024x329.png 1024w, https:\/\/asadep.fr\/wp-content\/uploads\/2017\/07\/logo-asadep4_milieu-e1500987394422-249x80.png 249w\" sizes=\"auto, (max-width: 2011px) 100vw, 2011px\" \/>\t\t<\/li>\n\t\t\t\t<li class=\"sow-slider-image\" style=\"visibility: hidden;\" >\n\t\t\t\t\t\t<img loading=\"lazy\" decoding=\"async\" width=\"2048\" height=\"660\" src=\"https:\/\/asadep.fr\/wp-content\/uploads\/2017\/07\/SAINT-ANDRE-e1499847571565.jpg\" class=\"sow-slider-background-image\" alt=\"\" style=\"\" srcset=\"https:\/\/asadep.fr\/wp-content\/uploads\/2017\/07\/SAINT-ANDRE-e1499847571565.jpg 2048w, https:\/\/asadep.fr\/wp-content\/uploads\/2017\/07\/SAINT-ANDRE-e1499847571565-300x97.jpg 300w, https:\/\/asadep.fr\/wp-content\/uploads\/2017\/07\/SAINT-ANDRE-e1499847571565-768x248.jpg 768w, https:\/\/asadep.fr\/wp-content\/uploads\/2017\/07\/SAINT-ANDRE-e1499847571565-1024x330.jpg 1024w, https:\/\/asadep.fr\/wp-content\/uploads\/2017\/07\/SAINT-ANDRE-e1499847571565-248x80.jpg 248w\" sizes=\"auto, (max-width: 2048px) 100vw, 2048px\" \/>\t\t<\/li>\n\t\t\t\t<li class=\"sow-slider-image\" style=\"visibility: hidden;\" >\n\t\t\t\t\t\t<img loading=\"lazy\" decoding=\"async\" width=\"1536\" height=\"496\" src=\"https:\/\/asadep.fr\/wp-content\/uploads\/2017\/07\/24-06-06-FEU-de-la-St-jEAN-25-e1499847601576.jpg\" class=\"sow-slider-background-image\" alt=\"\" style=\"\" srcset=\"https:\/\/asadep.fr\/wp-content\/uploads\/2017\/07\/24-06-06-FEU-de-la-St-jEAN-25-e1499847601576.jpg 1536w, https:\/\/asadep.fr\/wp-content\/uploads\/2017\/07\/24-06-06-FEU-de-la-St-jEAN-25-e1499847601576-300x97.jpg 300w, https:\/\/asadep.fr\/wp-content\/uploads\/2017\/07\/24-06-06-FEU-de-la-St-jEAN-25-e1499847601576-768x248.jpg 768w, https:\/\/asadep.fr\/wp-content\/uploads\/2017\/07\/24-06-06-FEU-de-la-St-jEAN-25-e1499847601576-1024x331.jpg 1024w, https:\/\/asadep.fr\/wp-content\/uploads\/2017\/07\/24-06-06-FEU-de-la-St-jEAN-25-e1499847601576-248x80.jpg 248w\" sizes=\"auto, (max-width: 1536px) 100vw, 1536px\" \/>\t\t<\/li>\n\t\t\t\t<li class=\"sow-slider-image\" style=\"visibility: hidden;\" >\n\t\t\t\t\t\t<img loading=\"lazy\" decoding=\"async\" width=\"2048\" height=\"660\" src=\"https:\/\/asadep.fr\/wp-content\/uploads\/2017\/07\/30-07-05-VETEMENTS-SACERDOTAUX-St-ANDRE-d-H-25-e1499847632218.jpg\" class=\"sow-slider-background-image\" alt=\"\" style=\"\" srcset=\"https:\/\/asadep.fr\/wp-content\/uploads\/2017\/07\/30-07-05-VETEMENTS-SACERDOTAUX-St-ANDRE-d-H-25-e1499847632218.jpg 2048w, https:\/\/asadep.fr\/wp-content\/uploads\/2017\/07\/30-07-05-VETEMENTS-SACERDOTAUX-St-ANDRE-d-H-25-e1499847632218-300x97.jpg 300w, https:\/\/asadep.fr\/wp-content\/uploads\/2017\/07\/30-07-05-VETEMENTS-SACERDOTAUX-St-ANDRE-d-H-25-e1499847632218-768x248.jpg 768w, https:\/\/asadep.fr\/wp-content\/uploads\/2017\/07\/30-07-05-VETEMENTS-SACERDOTAUX-St-ANDRE-d-H-25-e1499847632218-1024x330.jpg 1024w, https:\/\/asadep.fr\/wp-content\/uploads\/2017\/07\/30-07-05-VETEMENTS-SACERDOTAUX-St-ANDRE-d-H-25-e1499847632218-248x80.jpg 248w\" sizes=\"auto, (max-width: 2048px) 100vw, 2048px\" \/>\t\t<\/li>\n\t\t\t\t<li class=\"sow-slider-image\" style=\"visibility: hidden;\" >\n\t\t\t\t\t\t<img loading=\"lazy\" decoding=\"async\" width=\"2048\" height=\"660\" src=\"https:\/\/asadep.fr\/wp-content\/uploads\/2017\/07\/30-07-05-e1499847653672.jpg\" class=\"sow-slider-background-image\" alt=\"\" style=\"\" srcset=\"https:\/\/asadep.fr\/wp-content\/uploads\/2017\/07\/30-07-05-e1499847653672.jpg 2048w, https:\/\/asadep.fr\/wp-content\/uploads\/2017\/07\/30-07-05-e1499847653672-300x97.jpg 300w, https:\/\/asadep.fr\/wp-content\/uploads\/2017\/07\/30-07-05-e1499847653672-768x248.jpg 768w, https:\/\/asadep.fr\/wp-content\/uploads\/2017\/07\/30-07-05-e1499847653672-1024x330.jpg 1024w, https:\/\/asadep.fr\/wp-content\/uploads\/2017\/07\/30-07-05-e1499847653672-248x80.jpg 248w\" sizes=\"auto, (max-width: 2048px) 100vw, 2048px\" \/>\t\t<\/li>\n\t\t\t\t<li class=\"sow-slider-image\" style=\"visibility: hidden;\" >\n\t\t\t\t\t\t<img loading=\"lazy\" decoding=\"async\" width=\"2048\" height=\"660\" src=\"https:\/\/asadep.fr\/wp-content\/uploads\/2017\/07\/19-03-05-e1499847683888.jpg\" class=\"sow-slider-background-image\" alt=\"\" style=\"\" srcset=\"https:\/\/asadep.fr\/wp-content\/uploads\/2017\/07\/19-03-05-e1499847683888.jpg 2048w, https:\/\/asadep.fr\/wp-content\/uploads\/2017\/07\/19-03-05-e1499847683888-300x97.jpg 300w, https:\/\/asadep.fr\/wp-content\/uploads\/2017\/07\/19-03-05-e1499847683888-768x248.jpg 768w, https:\/\/asadep.fr\/wp-content\/uploads\/2017\/07\/19-03-05-e1499847683888-1024x330.jpg 1024w, https:\/\/asadep.fr\/wp-content\/uploads\/2017\/07\/19-03-05-e1499847683888-248x80.jpg 248w\" sizes=\"auto, (max-width: 2048px) 100vw, 2048px\" \/>\t\t<\/li>\n\t\t<\/ul>\t\t\t\t<ol class=\"sow-slider-pagination\">\n\t\t\t\t\t\t\t\t\t\t\t<li><a href=\"#\" data-goto=\"0\" aria-label=\"Display slide 1\"><\/a><\/li>\n\t\t\t\t\t\t\t\t\t\t\t<li><a href=\"#\" data-goto=\"1\" aria-label=\"Display slide 2\"><\/a><\/li>\n\t\t\t\t\t\t\t\t\t\t\t<li><a href=\"#\" data-goto=\"2\" aria-label=\"Display slide 3\"><\/a><\/li>\n\t\t\t\t\t\t\t\t\t\t\t<li><a href=\"#\" data-goto=\"3\" aria-label=\"Display slide 4\"><\/a><\/li>\n\t\t\t\t\t\t\t\t\t\t\t<li><a href=\"#\" data-goto=\"4\" aria-label=\"Display slide 5\"><\/a><\/li>\n\t\t\t\t\t\t\t\t\t\t\t<li><a href=\"#\" data-goto=\"5\" aria-label=\"Display slide 6\"><\/a><\/li>\n\t\t\t\t\t\t\t\t\t\t\t<li><a href=\"#\" data-goto=\"6\" aria-label=\"Display slide 7\"><\/a><\/li>\n\t\t\t\t\t\t\t\t\t<\/ol>\n\n\t\t\t\t<div class=\"sow-slide-nav sow-slide-nav-next\">\n\t\t\t\t\t<a href=\"#\" data-goto=\"next\" aria-label=\"Next slide\" data-action=\"next\">\n\t\t\t\t\t\t<em class=\"sow-sld-icon-thin-right\"><\/em>\n\t\t\t\t\t<\/a>\n\t\t\t\t<\/div>\n\n\t\t\t\t<div class=\"sow-slide-nav sow-slide-nav-prev\">\n\t\t\t\t\t<a href=\"#\" data-goto=\"previous\" aria-label=\"Previous slide\" data-action=\"prev\">\n\t\t\t\t\t\t<em class=\"sow-sld-icon-thin-left\"><\/em>\n\t\t\t\t\t<\/a>\n\t\t\t\t<\/div>\n\t\t\t\t<\/div><\/div><\/div><\/div><\/div><div id=\"pg-646-1\"  class=\"panel-grid panel-no-style\" ><div id=\"pgc-646-1-0\"  class=\"panel-grid-cell panel-grid-cell-empty\" ><\/div><div id=\"pgc-646-1-1\"  class=\"panel-grid-cell panel-grid-cell-mobile-last\" ><div id=\"panel-646-1-1-0\" class=\"so-panel widget widget_sow-editor panel-first-child panel-last-child\" data-index=\"1\" ><div\n\t\t\t\n\t\t\tclass=\"so-widget-sow-editor so-widget-sow-editor-base\"\n\t\t\t\n\t\t>\n<div class=\"siteorigin-widget-tinymce textwidget\">\n\t<h1 style=\"text-align: center;\"><span class=\"titre\"><span class=\"\" style=\"display:block;clear:both;height: 0px;padding-top: 20px;border-top-width:0px;border-bottom-width:0px;\"><\/span>Nicolas-Louis Vauquelin<span class=\"\" style=\"display:block;clear:both;height: 0px;padding-top: 20px;border-top-width:0px;border-bottom-width:0px;\"><\/span><\/span><\/h1>\n<\/div>\n<\/div><\/div><\/div><div id=\"pgc-646-1-2\"  class=\"panel-grid-cell panel-grid-cell-empty\" ><\/div><\/div><div id=\"pg-646-2\"  class=\"panel-grid panel-no-style\" ><div id=\"pgc-646-2-0\"  class=\"panel-grid-cell panel-grid-cell-empty\" ><\/div><div id=\"pgc-646-2-1\"  class=\"panel-grid-cell\" ><div id=\"panel-646-2-1-0\" class=\"so-panel widget widget_sow-editor panel-first-child panel-last-child\" data-index=\"2\" ><div\n\t\t\t\n\t\t\tclass=\"so-widget-sow-editor so-widget-sow-editor-base\"\n\t\t\t\n\t\t>\n<div class=\"siteorigin-widget-tinymce textwidget\">\n\t<p style=\"text-align: justify;\"><span class=\"texte\"><em><strong>Un enfant du village:<\/strong><\/em><br \/>\n<a href=\"https:\/\/fr.wikipedia.org\/wiki\/Louis-Nicolas_Vauquelin\" target=\"_blank\" rel=\"noopener\"><strong>Nicolas-Louis Vauquelin<\/strong><\/a> est n\u00e9 le 16 Mai 1763 dans une modeste chaumi\u00e8re de Saint Andr\u00e9 d'H\u00e9bertot.<br \/>\nApr\u00e8s une vie extraordinairement riche pour son \u00e9poque, il mourut au Ch\u00e2teau de Saint Andr\u00e9 d'H\u00e9bertot dans la nuit du 14 Novembre 1829, \u00e0 l'\u00e2ge de 66 ans.<br \/>\n&gt;&gt; <a href=\"https:\/\/asadep.fr\/wp-content\/uploads\/2019\/09\/Vauquelin-chimiste.pdf\" target=\"_blank\" rel=\"noopener\">Lire le r\u00e9sum\u00e9 de sa vie de chimiste <\/a><\/span>(d\u2019apr\u00e8s la th\u00e8se de Philippe Perearneau pr\u00e9sent\u00e9e le 23 juin 1995 pour l\u2019obtention du Dipl\u00f4me d\u2019Etat de Docteur en Pharmacie)<br \/>\n<span class=\"texte\">&gt;&gt; <a href=\"http:\/\/www.france-pittoresque.com\/spip.php?article1010\" target=\"_blank\" rel=\"noopener\">Lire l'article de France Pittoresque<\/a><br \/>\n&gt;&gt; Lire l'Eloge de Vauquelin prononc\u00e9 par Georges baron Cuvier (1769-1832) le 26 juillet 1831 \u00e0 l'Institut de France:<br \/>\n<a href=\"http:\/\/asadepfrvn.cluster023.hosting.ovh.net\/wp-content\/uploads\/2017\/07\/Eloge-Vauquelin_vol3227.pdf\" target=\"_blank\" rel=\"noopener\">Texte original<\/a><br \/>\n<a href=\"http:\/\/asadepfrvn.cluster023.hosting.ovh.net\/wp-content\/uploads\/2017\/07\/Eloge-Vauquelin-par-Cuvier-1831.pdf\" target=\"_blank\" rel=\"noopener\">Texte retranscrit<\/a><br \/>\n&gt;&gt; C\u00e9l\u00e9bration du 250\u00e8me anniversaire de la naissance de Nicolas Louis Vauquelin \u00e0 la Facult\u00e9 des Sciences Pharmaceutiques et Biologiques de Paris le mercredi 11 d\u00e9cembre 2013<br \/>\n<a href=\"http:\/\/asadepfrvn.cluster023.hosting.ovh.net\/wp-content\/uploads\/2017\/07\/VAUQUELIN-250.pdf\" target=\"_blank\" rel=\"noopener\">Compte Rendu pour le Petit Journal de la Commune de St Andr\u00e9 d'H\u00e9bertot (d\u00e9cembre 2013)<\/a><\/span><\/p>\n<\/div>\n<\/div><\/div><\/div><div id=\"pgc-646-2-2\"  class=\"panel-grid-cell panel-grid-cell-mobile-last\" ><div id=\"panel-646-2-2-0\" class=\"so-panel widget widget_sow-slider panel-first-child panel-last-child\" data-index=\"3\" ><div\n\t\t\t\n\t\t\tclass=\"so-widget-sow-slider so-widget-sow-slider-default-6d39609536fd-646\"\n\t\t\t\n\t\t>\t\t\t\t<div class=\"sow-slider-base\" style=\"display: none\" tabindex=\"0\">\n\t\t\t\t\t<ul\n\t\t\t\t\tclass=\"sow-slider-images\"\n\t\t\t\t\tdata-settings=\"{&quot;pagination&quot;:true,&quot;speed&quot;:800,&quot;timeout&quot;:8000,&quot;paused&quot;:false,&quot;pause_on_hover&quot;:false,&quot;swipe&quot;:true,&quot;nav_always_show_desktop&quot;:&quot;&quot;,&quot;nav_always_show_mobile&quot;:&quot;&quot;,&quot;breakpoint&quot;:&quot;780px&quot;,&quot;unmute&quot;:false,&quot;anchor&quot;:null}\"\n\t\t\t\t\t\t\t\t\t\tdata-anchor-id=\"\"\n\t\t\t\t>\t\t<li class=\"sow-slider-image\" style=\"visibility: visible;\" >\n\t\t\t\t\t\t<img loading=\"lazy\" decoding=\"async\" width=\"480\" height=\"640\" src=\"https:\/\/asadep.fr\/wp-content\/uploads\/2017\/07\/DSC01888.jpg\" class=\"sow-slider-background-image\" alt=\"\" style=\"\" srcset=\"https:\/\/asadep.fr\/wp-content\/uploads\/2017\/07\/DSC01888.jpg 480w, https:\/\/asadep.fr\/wp-content\/uploads\/2017\/07\/DSC01888-225x300.jpg 225w, https:\/\/asadep.fr\/wp-content\/uploads\/2017\/07\/DSC01888-60x80.jpg 60w\" sizes=\"auto, (max-width: 480px) 100vw, 480px\" \/>\t\t<\/li>\n\t\t\t\t<li class=\"sow-slider-image\" style=\"visibility: hidden;\" >\n\t\t\t\t\t\t<img loading=\"lazy\" decoding=\"async\" width=\"480\" height=\"640\" src=\"https:\/\/asadep.fr\/wp-content\/uploads\/2017\/07\/DSC01871.jpg\" class=\"sow-slider-background-image\" alt=\"\" style=\"\" srcset=\"https:\/\/asadep.fr\/wp-content\/uploads\/2017\/07\/DSC01871.jpg 480w, https:\/\/asadep.fr\/wp-content\/uploads\/2017\/07\/DSC01871-225x300.jpg 225w, https:\/\/asadep.fr\/wp-content\/uploads\/2017\/07\/DSC01871-60x80.jpg 60w\" sizes=\"auto, (max-width: 480px) 100vw, 480px\" \/>\t\t<\/li>\n\t\t\t\t<li class=\"sow-slider-image\" style=\"visibility: hidden;\" >\n\t\t\t\t\t\t<img loading=\"lazy\" decoding=\"async\" width=\"480\" height=\"640\" src=\"https:\/\/asadep.fr\/wp-content\/uploads\/2017\/07\/DSC01867.jpg\" class=\"sow-slider-background-image\" alt=\"\" style=\"\" srcset=\"https:\/\/asadep.fr\/wp-content\/uploads\/2017\/07\/DSC01867.jpg 480w, https:\/\/asadep.fr\/wp-content\/uploads\/2017\/07\/DSC01867-225x300.jpg 225w, https:\/\/asadep.fr\/wp-content\/uploads\/2017\/07\/DSC01867-60x80.jpg 60w\" sizes=\"auto, (max-width: 480px) 100vw, 480px\" \/>\t\t<\/li>\n\t\t\t\t<li class=\"sow-slider-image\" style=\"visibility: hidden;\" >\n\t\t\t\t\t\t<img loading=\"lazy\" decoding=\"async\" width=\"640\" height=\"480\" src=\"https:\/\/asadep.fr\/wp-content\/uploads\/2017\/07\/DSC01866.jpg\" class=\"sow-slider-background-image\" alt=\"\" style=\"\" srcset=\"https:\/\/asadep.fr\/wp-content\/uploads\/2017\/07\/DSC01866.jpg 640w, https:\/\/asadep.fr\/wp-content\/uploads\/2017\/07\/DSC01866-300x225.jpg 300w, https:\/\/asadep.fr\/wp-content\/uploads\/2017\/07\/DSC01866-107x80.jpg 107w\" sizes=\"auto, (max-width: 640px) 100vw, 640px\" \/>\t\t<\/li>\n\t\t\t\t<li class=\"sow-slider-image\" style=\"visibility: hidden;\" >\n\t\t\t\t\t\t<img loading=\"lazy\" decoding=\"async\" width=\"640\" height=\"480\" src=\"https:\/\/asadep.fr\/wp-content\/uploads\/2017\/07\/DSC01885.jpg\" class=\"sow-slider-background-image\" alt=\"\" style=\"\" srcset=\"https:\/\/asadep.fr\/wp-content\/uploads\/2017\/07\/DSC01885.jpg 640w, https:\/\/asadep.fr\/wp-content\/uploads\/2017\/07\/DSC01885-300x225.jpg 300w, https:\/\/asadep.fr\/wp-content\/uploads\/2017\/07\/DSC01885-107x80.jpg 107w\" sizes=\"auto, (max-width: 640px) 100vw, 640px\" \/>\t\t<\/li>\n\t\t<\/ul>\t\t\t\t<ol class=\"sow-slider-pagination\">\n\t\t\t\t\t\t\t\t\t\t\t<li><a href=\"#\" data-goto=\"0\" aria-label=\"Display slide 1\"><\/a><\/li>\n\t\t\t\t\t\t\t\t\t\t\t<li><a href=\"#\" data-goto=\"1\" aria-label=\"Display slide 2\"><\/a><\/li>\n\t\t\t\t\t\t\t\t\t\t\t<li><a href=\"#\" data-goto=\"2\" aria-label=\"Display slide 3\"><\/a><\/li>\n\t\t\t\t\t\t\t\t\t\t\t<li><a href=\"#\" data-goto=\"3\" aria-label=\"Display slide 4\"><\/a><\/li>\n\t\t\t\t\t\t\t\t\t\t\t<li><a href=\"#\" data-goto=\"4\" aria-label=\"Display slide 5\"><\/a><\/li>\n\t\t\t\t\t\t\t\t\t<\/ol>\n\n\t\t\t\t<div class=\"sow-slide-nav sow-slide-nav-next\">\n\t\t\t\t\t<a href=\"#\" data-goto=\"next\" aria-label=\"Next slide\" data-action=\"next\">\n\t\t\t\t\t\t<em class=\"sow-sld-icon-thin-right\"><\/em>\n\t\t\t\t\t<\/a>\n\t\t\t\t<\/div>\n\n\t\t\t\t<div class=\"sow-slide-nav sow-slide-nav-prev\">\n\t\t\t\t\t<a href=\"#\" data-goto=\"previous\" aria-label=\"Previous slide\" data-action=\"prev\">\n\t\t\t\t\t\t<em class=\"sow-sld-icon-thin-left\"><\/em>\n\t\t\t\t\t<\/a>\n\t\t\t\t<\/div>\n\t\t\t\t<\/div><\/div><\/div><\/div><div id=\"pgc-646-2-3\"  class=\"panel-grid-cell panel-grid-cell-empty\" ><\/div><\/div><\/div>","protected":false},"excerpt":{"rendered":"<p>Nicolas-Louis Vauquelin<\/p>\n","protected":false},"author":2,"featured_media":0,"parent":0,"menu_order":0,"comment_status":"closed","ping_status":"closed","template":"template-builder.php","meta":{"footnotes":""},"class_list":["post-646","page","type-page","status-publish","hentry"],"_links":{"self":[{"href":"https:\/\/asadep.fr\/index.php\/wp-json\/wp\/v2\/pages\/646","targetHints":{"allow":["GET"]}}],"collection":[{"href":"https:\/\/asadep.fr\/index.php\/wp-json\/wp\/v2\/pages"}],"about":[{"href":"https:\/\/asadep.fr\/index.php\/wp-json\/wp\/v2\/types\/page"}],"author":[{"embeddable":true,"href":"https:\/\/asadep.fr\/index.php\/wp-json\/wp\/v2\/users\/2"}],"replies":[{"embeddable":true,"href":"https:\/\/asadep.fr\/index.php\/wp-json\/wp\/v2\/comments?post=646"}],"version-history":[{"count":17,"href":"https:\/\/asadep.fr\/index.php\/wp-json\/wp\/v2\/pages\/646\/revisions"}],"predecessor-version":[{"id":1574,"href":"https:\/\/asadep.fr\/index.php\/wp-json\/wp\/v2\/pages\/646\/revisions\/1574"}],"wp:attachment":[{"href":"https:\/\/asadep.fr\/index.php\/wp-json\/wp\/v2\/media?parent=646"}],"curies":[{"name":"wp","href":"https:\/\/api.w.org\/{rel}","templated":true}]}}