{"id":87,"date":"2022-01-29T10:27:18","date_gmt":"2022-01-29T09:27:18","guid":{"rendered":"http:\/\/asadepfrvn.cluster023.hosting.ovh.net\/?page_id=87"},"modified":"2025-07-05T18:39:28","modified_gmt":"2025-07-05T16:39:28","slug":"asadep-html","status":"publish","type":"page","link":"https:\/\/asadep.fr\/index.php\/asadep-html\/","title":{"rendered":"L&rsquo;ASADEP"},"content":{"rendered":"<div id=\"pl-87\"  class=\"panel-layout\" ><div id=\"pg-87-0\"  class=\"panel-grid panel-no-style\" ><div id=\"pgc-87-0-0\"  class=\"panel-grid-cell\" ><div id=\"panel-87-0-0-0\" class=\"so-panel widget widget_sow-slider panel-first-child panel-last-child\" data-index=\"0\" ><div\n\t\t\t\n\t\t\tclass=\"so-widget-sow-slider so-widget-sow-slider-default-6d39609536fd-87\"\n\t\t\t\n\t\t>\t\t\t\t<div class=\"sow-slider-base\" style=\"display: none\" tabindex=\"0\">\n\t\t\t\t\t<ul\n\t\t\t\t\tclass=\"sow-slider-images\"\n\t\t\t\t\tdata-settings=\"{&quot;pagination&quot;:true,&quot;speed&quot;:800,&quot;timeout&quot;:8000,&quot;paused&quot;:false,&quot;pause_on_hover&quot;:false,&quot;swipe&quot;:true,&quot;nav_always_show_desktop&quot;:&quot;&quot;,&quot;nav_always_show_mobile&quot;:&quot;&quot;,&quot;breakpoint&quot;:&quot;780px&quot;,&quot;unmute&quot;:false,&quot;anchor&quot;:null}\"\n\t\t\t\t\t\t\t\t\t\tdata-anchor-id=\"\"\n\t\t\t\t>\t\t<li class=\"sow-slider-image\" style=\"visibility: visible;\" >\n\t\t\t\t\t\t<img loading=\"lazy\" decoding=\"async\" width=\"1439\" height=\"464\" src=\"https:\/\/asadep.fr\/wp-content\/uploads\/2017\/06\/DSC01908-Large-e1498031113280.jpg\" class=\"sow-slider-background-image\" alt=\"\" style=\"\" srcset=\"https:\/\/asadep.fr\/wp-content\/uploads\/2017\/06\/DSC01908-Large-e1498031113280.jpg 1439w, https:\/\/asadep.fr\/wp-content\/uploads\/2017\/06\/DSC01908-Large-e1498031113280-300x97.jpg 300w, https:\/\/asadep.fr\/wp-content\/uploads\/2017\/06\/DSC01908-Large-e1498031113280-768x248.jpg 768w, https:\/\/asadep.fr\/wp-content\/uploads\/2017\/06\/DSC01908-Large-e1498031113280-1024x330.jpg 1024w, https:\/\/asadep.fr\/wp-content\/uploads\/2017\/06\/DSC01908-Large-e1498031113280-248x80.jpg 248w\" sizes=\"auto, (max-width: 1439px) 100vw, 1439px\" \/>\t\t<\/li>\n\t\t\t\t<li class=\"sow-slider-image\" style=\"visibility: hidden;\" >\n\t\t\t\t\t\t<img loading=\"lazy\" decoding=\"async\" width=\"2011\" height=\"647\" src=\"https:\/\/asadep.fr\/wp-content\/uploads\/2017\/07\/logo-asadep4_milieu-e1500987394422.png\" class=\"sow-slider-background-image\" alt=\"\" style=\"\" srcset=\"https:\/\/asadep.fr\/wp-content\/uploads\/2017\/07\/logo-asadep4_milieu-e1500987394422.png 2011w, https:\/\/asadep.fr\/wp-content\/uploads\/2017\/07\/logo-asadep4_milieu-e1500987394422-300x97.png 300w, https:\/\/asadep.fr\/wp-content\/uploads\/2017\/07\/logo-asadep4_milieu-e1500987394422-768x247.png 768w, https:\/\/asadep.fr\/wp-content\/uploads\/2017\/07\/logo-asadep4_milieu-e1500987394422-1024x329.png 1024w, https:\/\/asadep.fr\/wp-content\/uploads\/2017\/07\/logo-asadep4_milieu-e1500987394422-249x80.png 249w\" sizes=\"auto, (max-width: 2011px) 100vw, 2011px\" \/>\t\t<\/li>\n\t\t\t\t<li class=\"sow-slider-image\" style=\"visibility: hidden;\" >\n\t\t\t\t\t\t<img loading=\"lazy\" decoding=\"async\" width=\"2048\" height=\"660\" src=\"https:\/\/asadep.fr\/wp-content\/uploads\/2017\/07\/SAINT-ANDRE-e1499847571565.jpg\" class=\"sow-slider-background-image\" alt=\"\" style=\"\" srcset=\"https:\/\/asadep.fr\/wp-content\/uploads\/2017\/07\/SAINT-ANDRE-e1499847571565.jpg 2048w, https:\/\/asadep.fr\/wp-content\/uploads\/2017\/07\/SAINT-ANDRE-e1499847571565-300x97.jpg 300w, https:\/\/asadep.fr\/wp-content\/uploads\/2017\/07\/SAINT-ANDRE-e1499847571565-768x248.jpg 768w, https:\/\/asadep.fr\/wp-content\/uploads\/2017\/07\/SAINT-ANDRE-e1499847571565-1024x330.jpg 1024w, https:\/\/asadep.fr\/wp-content\/uploads\/2017\/07\/SAINT-ANDRE-e1499847571565-248x80.jpg 248w\" sizes=\"auto, (max-width: 2048px) 100vw, 2048px\" \/>\t\t<\/li>\n\t\t\t\t<li class=\"sow-slider-image\" style=\"visibility: hidden;\" >\n\t\t\t\t\t\t<img loading=\"lazy\" decoding=\"async\" width=\"1536\" height=\"496\" src=\"https:\/\/asadep.fr\/wp-content\/uploads\/2017\/07\/24-06-06-FEU-de-la-St-jEAN-25-e1499847601576.jpg\" class=\"sow-slider-background-image\" alt=\"\" style=\"\" srcset=\"https:\/\/asadep.fr\/wp-content\/uploads\/2017\/07\/24-06-06-FEU-de-la-St-jEAN-25-e1499847601576.jpg 1536w, https:\/\/asadep.fr\/wp-content\/uploads\/2017\/07\/24-06-06-FEU-de-la-St-jEAN-25-e1499847601576-300x97.jpg 300w, https:\/\/asadep.fr\/wp-content\/uploads\/2017\/07\/24-06-06-FEU-de-la-St-jEAN-25-e1499847601576-768x248.jpg 768w, https:\/\/asadep.fr\/wp-content\/uploads\/2017\/07\/24-06-06-FEU-de-la-St-jEAN-25-e1499847601576-1024x331.jpg 1024w, https:\/\/asadep.fr\/wp-content\/uploads\/2017\/07\/24-06-06-FEU-de-la-St-jEAN-25-e1499847601576-248x80.jpg 248w\" sizes=\"auto, (max-width: 1536px) 100vw, 1536px\" \/>\t\t<\/li>\n\t\t\t\t<li class=\"sow-slider-image\" style=\"visibility: hidden;\" >\n\t\t\t\t\t\t<img loading=\"lazy\" decoding=\"async\" width=\"2048\" height=\"660\" src=\"https:\/\/asadep.fr\/wp-content\/uploads\/2017\/07\/30-07-05-VETEMENTS-SACERDOTAUX-St-ANDRE-d-H-25-e1499847632218.jpg\" class=\"sow-slider-background-image\" alt=\"\" style=\"\" srcset=\"https:\/\/asadep.fr\/wp-content\/uploads\/2017\/07\/30-07-05-VETEMENTS-SACERDOTAUX-St-ANDRE-d-H-25-e1499847632218.jpg 2048w, https:\/\/asadep.fr\/wp-content\/uploads\/2017\/07\/30-07-05-VETEMENTS-SACERDOTAUX-St-ANDRE-d-H-25-e1499847632218-300x97.jpg 300w, https:\/\/asadep.fr\/wp-content\/uploads\/2017\/07\/30-07-05-VETEMENTS-SACERDOTAUX-St-ANDRE-d-H-25-e1499847632218-768x248.jpg 768w, https:\/\/asadep.fr\/wp-content\/uploads\/2017\/07\/30-07-05-VETEMENTS-SACERDOTAUX-St-ANDRE-d-H-25-e1499847632218-1024x330.jpg 1024w, https:\/\/asadep.fr\/wp-content\/uploads\/2017\/07\/30-07-05-VETEMENTS-SACERDOTAUX-St-ANDRE-d-H-25-e1499847632218-248x80.jpg 248w\" sizes=\"auto, (max-width: 2048px) 100vw, 2048px\" \/>\t\t<\/li>\n\t\t\t\t<li class=\"sow-slider-image\" style=\"visibility: hidden;\" >\n\t\t\t\t\t\t<img loading=\"lazy\" decoding=\"async\" width=\"2048\" height=\"660\" src=\"https:\/\/asadep.fr\/wp-content\/uploads\/2017\/07\/30-07-05-e1499847653672.jpg\" class=\"sow-slider-background-image\" alt=\"\" style=\"\" srcset=\"https:\/\/asadep.fr\/wp-content\/uploads\/2017\/07\/30-07-05-e1499847653672.jpg 2048w, https:\/\/asadep.fr\/wp-content\/uploads\/2017\/07\/30-07-05-e1499847653672-300x97.jpg 300w, https:\/\/asadep.fr\/wp-content\/uploads\/2017\/07\/30-07-05-e1499847653672-768x248.jpg 768w, https:\/\/asadep.fr\/wp-content\/uploads\/2017\/07\/30-07-05-e1499847653672-1024x330.jpg 1024w, https:\/\/asadep.fr\/wp-content\/uploads\/2017\/07\/30-07-05-e1499847653672-248x80.jpg 248w\" sizes=\"auto, (max-width: 2048px) 100vw, 2048px\" \/>\t\t<\/li>\n\t\t\t\t<li class=\"sow-slider-image\" style=\"visibility: hidden;\" >\n\t\t\t\t\t\t<img loading=\"lazy\" decoding=\"async\" width=\"2048\" height=\"660\" src=\"https:\/\/asadep.fr\/wp-content\/uploads\/2017\/07\/19-03-05-e1499847683888.jpg\" class=\"sow-slider-background-image\" alt=\"\" style=\"\" srcset=\"https:\/\/asadep.fr\/wp-content\/uploads\/2017\/07\/19-03-05-e1499847683888.jpg 2048w, https:\/\/asadep.fr\/wp-content\/uploads\/2017\/07\/19-03-05-e1499847683888-300x97.jpg 300w, https:\/\/asadep.fr\/wp-content\/uploads\/2017\/07\/19-03-05-e1499847683888-768x248.jpg 768w, https:\/\/asadep.fr\/wp-content\/uploads\/2017\/07\/19-03-05-e1499847683888-1024x330.jpg 1024w, https:\/\/asadep.fr\/wp-content\/uploads\/2017\/07\/19-03-05-e1499847683888-248x80.jpg 248w\" sizes=\"auto, (max-width: 2048px) 100vw, 2048px\" \/>\t\t<\/li>\n\t\t<\/ul>\t\t\t\t<ol class=\"sow-slider-pagination\">\n\t\t\t\t\t\t\t\t\t\t\t<li><a href=\"#\" data-goto=\"0\" aria-label=\"Display slide 1\"><\/a><\/li>\n\t\t\t\t\t\t\t\t\t\t\t<li><a href=\"#\" data-goto=\"1\" aria-label=\"Display slide 2\"><\/a><\/li>\n\t\t\t\t\t\t\t\t\t\t\t<li><a href=\"#\" data-goto=\"2\" aria-label=\"Display slide 3\"><\/a><\/li>\n\t\t\t\t\t\t\t\t\t\t\t<li><a href=\"#\" data-goto=\"3\" aria-label=\"Display slide 4\"><\/a><\/li>\n\t\t\t\t\t\t\t\t\t\t\t<li><a href=\"#\" data-goto=\"4\" aria-label=\"Display slide 5\"><\/a><\/li>\n\t\t\t\t\t\t\t\t\t\t\t<li><a href=\"#\" data-goto=\"5\" aria-label=\"Display slide 6\"><\/a><\/li>\n\t\t\t\t\t\t\t\t\t\t\t<li><a href=\"#\" data-goto=\"6\" aria-label=\"Display slide 7\"><\/a><\/li>\n\t\t\t\t\t\t\t\t\t<\/ol>\n\n\t\t\t\t<div class=\"sow-slide-nav sow-slide-nav-next\">\n\t\t\t\t\t<a href=\"#\" data-goto=\"next\" aria-label=\"Next slide\" data-action=\"next\">\n\t\t\t\t\t\t<em class=\"sow-sld-icon-thin-right\"><\/em>\n\t\t\t\t\t<\/a>\n\t\t\t\t<\/div>\n\n\t\t\t\t<div class=\"sow-slide-nav sow-slide-nav-prev\">\n\t\t\t\t\t<a href=\"#\" data-goto=\"previous\" aria-label=\"Previous slide\" data-action=\"prev\">\n\t\t\t\t\t\t<em class=\"sow-sld-icon-thin-left\"><\/em>\n\t\t\t\t\t<\/a>\n\t\t\t\t<\/div>\n\t\t\t\t<\/div><\/div><\/div><\/div><\/div><div id=\"pg-87-1\"  class=\"panel-grid panel-no-style\" ><div id=\"pgc-87-1-0\"  class=\"panel-grid-cell panel-grid-cell-empty\" ><\/div><div id=\"pgc-87-1-1\"  class=\"panel-grid-cell panel-grid-cell-mobile-last\" ><div id=\"panel-87-1-1-0\" class=\"so-panel widget widget_sow-editor panel-first-child panel-last-child\" data-index=\"1\" ><div\n\t\t\t\n\t\t\tclass=\"so-widget-sow-editor so-widget-sow-editor-base\"\n\t\t\t\n\t\t>\n<div class=\"siteorigin-widget-tinymce textwidget\">\n\t<h1 style=\"text-align: center;\"><span class=\"titre\"><span class=\"\" style=\"display:block;clear:both;height: 0px;padding-top: 20px;border-top-width:0px;border-bottom-width:0px;\"><\/span>L'ASADEP<\/span><\/h1>\n<\/div>\n<\/div><\/div><\/div><div id=\"pgc-87-1-2\"  class=\"panel-grid-cell panel-grid-cell-empty\" ><\/div><\/div><div id=\"pg-87-2\"  class=\"panel-grid panel-no-style\" ><div id=\"pgc-87-2-0\"  class=\"panel-grid-cell panel-grid-cell-empty\" ><\/div><div id=\"pgc-87-2-1\"  class=\"panel-grid-cell\" ><div id=\"panel-87-2-1-0\" class=\"so-panel widget widget_sow-editor panel-first-child panel-last-child\" data-index=\"2\" ><div\n\t\t\t\n\t\t\tclass=\"so-widget-sow-editor so-widget-sow-editor-base\"\n\t\t\t\n\t\t>\n<div class=\"siteorigin-widget-tinymce textwidget\">\n\t<h2 style=\"text-align: center;\"><span class=\"sous-titre\"><span class=\"\" style=\"display:block;clear:both;height: 0px;padding-top: 20px;border-top-width:0px;border-bottom-width:0px;\"><\/span>Qui sommes-nous ?<\/span><\/h2>\n<p style=\"text-align: justify;\"><span class=\"texte\">L'<strong>A<\/strong>ssociation pour la <strong>SA<\/strong>uvegarde et le <strong>DE<\/strong>veloppement du <strong>P<\/strong>atrimoine de Saint Andr\u00e9 d'H\u00e9bertot (ASADEP) a vu le jour le 21 janvier 2005.<br \/>\nElle fut cr\u00e9\u00e9e \u00e0 l'initiative de quelques habitants et a su rassembler tous ceux et celles qui sont attach\u00e9s \u00e0 l'Histoire, au Patrimoine en g\u00e9n\u00e9ral, et en particulier aux 1 000 hectares de Saint Andr\u00e9 d'H\u00e9bertot et \u00e0 ses richesses.<span class=\"\" style=\"display:block;clear:both;height: 0px;padding-top: 10px;border-top-width:0px;border-bottom-width:0px;\"><\/span><br \/>\nL'ASADEP est une association reconnue d'int\u00e9r\u00eat g\u00e9n\u00e9ral. Ainsi, toutes les personnes, entreprises ou fondations d\u00e9sireuses de faire des dons pour soutenir l'ASADEP et ses actions pourront b\u00e9n\u00e9ficier des \u00e9conomies d'imp\u00f4ts pr\u00e9vues par la loi (article 200.1.b du Code G\u00e9n\u00e9ral des Imp\u00f4ts).<span class=\"\" style=\"display:block;clear:both;height: 0px;padding-top: 10px;border-top-width:0px;border-bottom-width:0px;\"><\/span><\/span><\/p>\n<\/div>\n<\/div><\/div><\/div><div id=\"pgc-87-2-2\"  class=\"panel-grid-cell panel-grid-cell-mobile-last\" ><div id=\"panel-87-2-2-0\" class=\"so-panel widget widget_sow-slider panel-first-child panel-last-child\" data-index=\"3\" ><div\n\t\t\t\n\t\t\tclass=\"so-widget-sow-slider so-widget-sow-slider-default-6d39609536fd-87\"\n\t\t\t\n\t\t>\t\t\t\t<div class=\"sow-slider-base\" style=\"display: none\" tabindex=\"0\">\n\t\t\t\t\t<ul\n\t\t\t\t\tclass=\"sow-slider-images\"\n\t\t\t\t\tdata-settings=\"{&quot;pagination&quot;:true,&quot;speed&quot;:800,&quot;timeout&quot;:8000,&quot;paused&quot;:false,&quot;pause_on_hover&quot;:false,&quot;swipe&quot;:true,&quot;nav_always_show_desktop&quot;:&quot;&quot;,&quot;nav_always_show_mobile&quot;:&quot;&quot;,&quot;breakpoint&quot;:&quot;780px&quot;,&quot;unmute&quot;:false,&quot;anchor&quot;:null}\"\n\t\t\t\t\t\t\t\t\t\tdata-anchor-id=\"\"\n\t\t\t\t>\t\t<li class=\"sow-slider-image\" style=\"visibility: visible;\" >\n\t\t\t\t\t\t<img loading=\"lazy\" decoding=\"async\" width=\"389\" height=\"519\" src=\"https:\/\/asadep.fr\/wp-content\/uploads\/2017\/06\/DSC01848mod1.jpg\" class=\"sow-slider-background-image\" alt=\"\" style=\"\" srcset=\"https:\/\/asadep.fr\/wp-content\/uploads\/2017\/06\/DSC01848mod1.jpg 389w, https:\/\/asadep.fr\/wp-content\/uploads\/2017\/06\/DSC01848mod1-225x300.jpg 225w, https:\/\/asadep.fr\/wp-content\/uploads\/2017\/06\/DSC01848mod1-60x80.jpg 60w\" sizes=\"auto, (max-width: 389px) 100vw, 389px\" \/>\t\t<\/li>\n\t\t\t\t<li class=\"sow-slider-image\" style=\"visibility: hidden;\" >\n\t\t\t\t\t\t<img loading=\"lazy\" decoding=\"async\" width=\"480\" height=\"640\" src=\"https:\/\/asadep.fr\/wp-content\/uploads\/2017\/06\/DSC01902.jpg\" class=\"sow-slider-background-image\" alt=\"\" style=\"\" srcset=\"https:\/\/asadep.fr\/wp-content\/uploads\/2017\/06\/DSC01902.jpg 480w, https:\/\/asadep.fr\/wp-content\/uploads\/2017\/06\/DSC01902-225x300.jpg 225w, https:\/\/asadep.fr\/wp-content\/uploads\/2017\/06\/DSC01902-60x80.jpg 60w\" sizes=\"auto, (max-width: 480px) 100vw, 480px\" \/>\t\t<\/li>\n\t\t<\/ul>\t\t\t\t<ol class=\"sow-slider-pagination\">\n\t\t\t\t\t\t\t\t\t\t\t<li><a href=\"#\" data-goto=\"0\" aria-label=\"Display slide 1\"><\/a><\/li>\n\t\t\t\t\t\t\t\t\t\t\t<li><a href=\"#\" data-goto=\"1\" aria-label=\"Display slide 2\"><\/a><\/li>\n\t\t\t\t\t\t\t\t\t<\/ol>\n\n\t\t\t\t<div class=\"sow-slide-nav sow-slide-nav-next\">\n\t\t\t\t\t<a href=\"#\" data-goto=\"next\" aria-label=\"Next slide\" data-action=\"next\">\n\t\t\t\t\t\t<em class=\"sow-sld-icon-thin-right\"><\/em>\n\t\t\t\t\t<\/a>\n\t\t\t\t<\/div>\n\n\t\t\t\t<div class=\"sow-slide-nav sow-slide-nav-prev\">\n\t\t\t\t\t<a href=\"#\" data-goto=\"previous\" aria-label=\"Previous slide\" data-action=\"prev\">\n\t\t\t\t\t\t<em class=\"sow-sld-icon-thin-left\"><\/em>\n\t\t\t\t\t<\/a>\n\t\t\t\t<\/div>\n\t\t\t\t<\/div><\/div><\/div><\/div><div id=\"pgc-87-2-3\"  class=\"panel-grid-cell panel-grid-cell-empty\" ><\/div><\/div><div id=\"pg-87-3\"  class=\"panel-grid panel-no-style\" ><div id=\"pgc-87-3-0\"  class=\"panel-grid-cell panel-grid-cell-empty\" ><\/div><div id=\"pgc-87-3-1\"  class=\"panel-grid-cell\" ><div id=\"panel-87-3-1-0\" class=\"so-panel widget widget_sow-slider panel-first-child panel-last-child\" data-index=\"4\" ><div\n\t\t\t\n\t\t\tclass=\"so-widget-sow-slider so-widget-sow-slider-default-6d39609536fd-87\"\n\t\t\t\n\t\t>\t\t\t\t<div class=\"sow-slider-base\" style=\"display: none\" tabindex=\"0\">\n\t\t\t\t\t<ul\n\t\t\t\t\tclass=\"sow-slider-images\"\n\t\t\t\t\tdata-settings=\"{&quot;pagination&quot;:true,&quot;speed&quot;:800,&quot;timeout&quot;:8000,&quot;paused&quot;:false,&quot;pause_on_hover&quot;:false,&quot;swipe&quot;:true,&quot;nav_always_show_desktop&quot;:&quot;&quot;,&quot;nav_always_show_mobile&quot;:&quot;&quot;,&quot;breakpoint&quot;:&quot;780px&quot;,&quot;unmute&quot;:false,&quot;anchor&quot;:null}\"\n\t\t\t\t\t\t\t\t\t\tdata-anchor-id=\"\"\n\t\t\t\t>\t\t<li class=\"sow-slider-image\" style=\"visibility: visible;\" >\n\t\t\t\t\t\t<img loading=\"lazy\" decoding=\"async\" width=\"640\" height=\"480\" src=\"https:\/\/asadep.fr\/wp-content\/uploads\/2017\/06\/DSC00831.jpg\" class=\"sow-slider-background-image\" alt=\"\" style=\"\" srcset=\"https:\/\/asadep.fr\/wp-content\/uploads\/2017\/06\/DSC00831.jpg 640w, https:\/\/asadep.fr\/wp-content\/uploads\/2017\/06\/DSC00831-300x225.jpg 300w, https:\/\/asadep.fr\/wp-content\/uploads\/2017\/06\/DSC00831-107x80.jpg 107w\" sizes=\"auto, (max-width: 640px) 100vw, 640px\" \/>\t\t<\/li>\n\t\t\t\t<li class=\"sow-slider-image\" style=\"visibility: hidden;\" >\n\t\t\t\t\t\t<img loading=\"lazy\" decoding=\"async\" width=\"480\" height=\"360\" src=\"https:\/\/asadep.fr\/wp-content\/uploads\/2017\/06\/DSC00853-e1499848350277.jpg\" class=\"sow-slider-background-image\" alt=\"\" style=\"\" srcset=\"https:\/\/asadep.fr\/wp-content\/uploads\/2017\/06\/DSC00853-e1499848350277.jpg 480w, https:\/\/asadep.fr\/wp-content\/uploads\/2017\/06\/DSC00853-e1499848350277-300x225.jpg 300w, https:\/\/asadep.fr\/wp-content\/uploads\/2017\/06\/DSC00853-e1499848350277-107x80.jpg 107w\" sizes=\"auto, (max-width: 480px) 100vw, 480px\" \/>\t\t<\/li>\n\t\t\t\t<li class=\"sow-slider-image\" style=\"visibility: hidden;\" >\n\t\t\t\t\t\t<img loading=\"lazy\" decoding=\"async\" width=\"640\" height=\"196\" src=\"https:\/\/asadep.fr\/wp-content\/uploads\/2017\/06\/DSC00832-e1499850342525.jpg\" class=\"sow-slider-background-image\" alt=\"\" style=\"\" srcset=\"https:\/\/asadep.fr\/wp-content\/uploads\/2017\/06\/DSC00832-e1499850342525.jpg 640w, https:\/\/asadep.fr\/wp-content\/uploads\/2017\/06\/DSC00832-e1499850342525-300x92.jpg 300w, https:\/\/asadep.fr\/wp-content\/uploads\/2017\/06\/DSC00832-e1499850342525-261x80.jpg 261w\" sizes=\"auto, (max-width: 640px) 100vw, 640px\" \/>\t\t<\/li>\n\t\t<\/ul>\t\t\t\t<ol class=\"sow-slider-pagination\">\n\t\t\t\t\t\t\t\t\t\t\t<li><a href=\"#\" data-goto=\"0\" aria-label=\"Display slide 1\"><\/a><\/li>\n\t\t\t\t\t\t\t\t\t\t\t<li><a href=\"#\" data-goto=\"1\" aria-label=\"Display slide 2\"><\/a><\/li>\n\t\t\t\t\t\t\t\t\t\t\t<li><a href=\"#\" data-goto=\"2\" aria-label=\"Display slide 3\"><\/a><\/li>\n\t\t\t\t\t\t\t\t\t<\/ol>\n\n\t\t\t\t<div class=\"sow-slide-nav sow-slide-nav-next\">\n\t\t\t\t\t<a href=\"#\" data-goto=\"next\" aria-label=\"Next slide\" data-action=\"next\">\n\t\t\t\t\t\t<em class=\"sow-sld-icon-thin-right\"><\/em>\n\t\t\t\t\t<\/a>\n\t\t\t\t<\/div>\n\n\t\t\t\t<div class=\"sow-slide-nav sow-slide-nav-prev\">\n\t\t\t\t\t<a href=\"#\" data-goto=\"previous\" aria-label=\"Previous slide\" data-action=\"prev\">\n\t\t\t\t\t\t<em class=\"sow-sld-icon-thin-left\"><\/em>\n\t\t\t\t\t<\/a>\n\t\t\t\t<\/div>\n\t\t\t\t<\/div><\/div><\/div><\/div><div id=\"pgc-87-3-2\"  class=\"panel-grid-cell panel-grid-cell-mobile-last\" ><div id=\"panel-87-3-2-0\" class=\"so-panel widget widget_sow-editor panel-first-child panel-last-child\" data-index=\"5\" ><div\n\t\t\t\n\t\t\tclass=\"so-widget-sow-editor so-widget-sow-editor-base\"\n\t\t\t\n\t\t>\n<div class=\"siteorigin-widget-tinymce textwidget\">\n\t<h2 style=\"text-align: center;\"><span class=\"sous-titre\"><span class=\"\" style=\"display:block;clear:both;height: 0px;padding-top: 20px;border-top-width:0px;border-bottom-width:0px;\"><\/span>Notre vocation :<\/span><\/h2>\n<p style=\"text-align: justify;\"><span class=\"texte\">La vocation de l'ASADEP est:<br \/>\n- de faire conna\u00eetre les diff\u00e9rents Patrimoines de la commune: Cultuel, Culturel, Architectural, Naturel,<br \/>\n- d'initier ou de participer \u00e0 des sujets majeurs tels que la restauration de l'Eglise ou le Plan Local d'Urbanisme,<br \/>\n- de pr\u00e9server les richesses naturelles.<span class=\"\" style=\"display:block;clear:both;height: 0px;padding-top: 10px;border-top-width:0px;border-bottom-width:0px;\"><\/span><\/span><\/p>\n<\/div>\n<\/div><\/div><\/div><div id=\"pgc-87-3-3\"  class=\"panel-grid-cell panel-grid-cell-empty\" ><\/div><\/div><div id=\"pg-87-4\"  class=\"panel-grid panel-no-style\" ><div id=\"pgc-87-4-0\"  class=\"panel-grid-cell panel-grid-cell-empty\" ><\/div><div id=\"pgc-87-4-1\"  class=\"panel-grid-cell panel-grid-cell-mobile-last\" ><div id=\"panel-87-4-1-0\" class=\"so-panel widget widget_sow-editor panel-first-child panel-last-child\" data-index=\"6\" ><div\n\t\t\t\n\t\t\tclass=\"so-widget-sow-editor so-widget-sow-editor-base\"\n\t\t\t\n\t\t>\n<div class=\"siteorigin-widget-tinymce textwidget\">\n\t<p><a href=\"https:\/\/asadep.fr\/wp-content\/uploads\/2025\/07\/Bulletin-adhesion-2025.pdf\" target=\"_blank\" rel=\"noopener\"><img loading=\"lazy\" decoding=\"async\" class=\" wp-image-96 aligncenter\" src=\"http:\/\/asadepfrvn.cluster023.hosting.ovh.net\/wp-content\/uploads\/2017\/07\/Adh\u00e9rer-300x118.png\" alt=\"\" width=\"229\" height=\"90\" srcset=\"https:\/\/asadep.fr\/wp-content\/uploads\/2017\/07\/Adh\u00e9rer-300x118.png 300w, https:\/\/asadep.fr\/wp-content\/uploads\/2017\/07\/Adh\u00e9rer-204x80.png 204w, https:\/\/asadep.fr\/wp-content\/uploads\/2017\/07\/Adh\u00e9rer.png 582w\" sizes=\"auto, (max-width: 229px) 100vw, 229px\" \/><\/a><\/p>\n<\/div>\n<\/div><\/div><\/div><div id=\"pgc-87-4-2\"  class=\"panel-grid-cell panel-grid-cell-empty\" ><\/div><\/div><div id=\"pg-87-5\"  class=\"panel-grid panel-no-style\" ><div id=\"pgc-87-5-0\"  class=\"panel-grid-cell panel-grid-cell-empty\" ><\/div><div id=\"pgc-87-5-1\"  class=\"panel-grid-cell\" ><div id=\"panel-87-5-1-0\" class=\"so-panel widget widget_sow-editor panel-first-child\" data-index=\"7\" ><div\n\t\t\t\n\t\t\tclass=\"so-widget-sow-editor so-widget-sow-editor-base\"\n\t\t\t\n\t\t>\n<div class=\"siteorigin-widget-tinymce textwidget\">\n\t<h2 style=\"text-align: center;\"><span class=\"sous-titre\"><span class=\"\" style=\"display:block;clear:both;height: 0px;padding-top: 20px;border-top-width:0px;border-bottom-width:0px;\"><\/span>Le bureau :<\/span><\/h2>\n<p style=\"text-align: justify;\"><span class=\"texte\">Pr\u00e9sidente: Annick LE GOUGUEC<br \/>\nSecr\u00e9taire g\u00e9n\u00e9rale: Nadine BRASSENS<br \/>\nTr\u00e9sorier: Claude BRASSENS<span class=\"\" style=\"display:block;clear:both;height: 0px;padding-top: 10px;border-top-width:0px;border-bottom-width:0px;\"><\/span><\/span><\/p>\n<\/div>\n<\/div><\/div><div id=\"panel-87-5-1-1\" class=\"so-panel widget widget_sow-editor panel-last-child\" data-index=\"8\" ><div\n\t\t\t\n\t\t\tclass=\"so-widget-sow-editor so-widget-sow-editor-base\"\n\t\t\t\n\t\t>\n<div class=\"siteorigin-widget-tinymce textwidget\">\n\t<p><a href=\"http:\/\/asadepfrvn.cluster023.hosting.ovh.net\/index.php\/contacts\/\" target=\"_blank\" rel=\"noopener\"><img loading=\"lazy\" decoding=\"async\" class=\" wp-image-95 aligncenter\" src=\"http:\/\/asadepfrvn.cluster023.hosting.ovh.net\/wp-content\/uploads\/2017\/07\/contacter-300x118.png\" alt=\"\" width=\"229\" height=\"90\" srcset=\"https:\/\/asadep.fr\/wp-content\/uploads\/2017\/07\/contacter-300x118.png 300w, https:\/\/asadep.fr\/wp-content\/uploads\/2017\/07\/contacter-204x80.png 204w, https:\/\/asadep.fr\/wp-content\/uploads\/2017\/07\/contacter.png 582w\" sizes=\"auto, (max-width: 229px) 100vw, 229px\" \/><\/a><\/p>\n<\/div>\n<\/div><\/div><\/div><div id=\"pgc-87-5-2\"  class=\"panel-grid-cell panel-grid-cell-mobile-last\" ><div id=\"panel-87-5-2-0\" class=\"so-panel widget widget_sow-editor panel-first-child panel-last-child\" data-index=\"9\" ><div\n\t\t\t\n\t\t\tclass=\"so-widget-sow-editor so-widget-sow-editor-base\"\n\t\t\t\n\t\t>\n<div class=\"siteorigin-widget-tinymce textwidget\">\n\t<h2 style=\"text-align: center;\"><span class=\"sous-titre\"><span class=\"\" style=\"display:block;clear:both;height: 0px;padding-top: 20px;border-top-width:0px;border-bottom-width:0px;\"><\/span>Membres fondateurs :<\/span><\/h2>\n<p style=\"text-align: justify;\"><span class=\"texte\">Alexandre AUTHOUART<br \/>\nPierre BOUGARD<br \/>\nAnnie CULAUD<br \/>\nHenri-Pierre CULAUD<br \/>\nMarie-Catherine DAUGNY<br \/>\nMonique DELABARRE<br \/>\nSylviane GESSET<br \/>\nMathilde HAGER<br \/>\nMarie-Claire JAUBERTY<br \/>\nAnnick LE GOUGUEC<br \/>\nMuriel LERICHE<br \/>\nG\u00e9rard REDON<br \/>\nFr\u00e9d\u00e9ric XHAARD<br \/>\nChristophe YORK<span class=\"\" style=\"display:block;clear:both;height: 0px;padding-top: 10px;border-top-width:0px;border-bottom-width:0px;\"><\/span><\/span><\/p>\n<\/div>\n<\/div><\/div><\/div><div id=\"pgc-87-5-3\"  class=\"panel-grid-cell panel-grid-cell-empty\" ><\/div><\/div><\/div>","protected":false},"excerpt":{"rendered":"<p>L&rsquo;ASADEP<\/p>\n","protected":false},"author":2,"featured_media":0,"parent":0,"menu_order":0,"comment_status":"closed","ping_status":"closed","template":"template-builder.php","meta":{"footnotes":""},"class_list":["post-87","page","type-page","status-publish","hentry"],"_links":{"self":[{"href":"https:\/\/asadep.fr\/index.php\/wp-json\/wp\/v2\/pages\/87","targetHints":{"allow":["GET"]}}],"collection":[{"href":"https:\/\/asadep.fr\/index.php\/wp-json\/wp\/v2\/pages"}],"about":[{"href":"https:\/\/asadep.fr\/index.php\/wp-json\/wp\/v2\/types\/page"}],"author":[{"embeddable":true,"href":"https:\/\/asadep.fr\/index.php\/wp-json\/wp\/v2\/users\/2"}],"replies":[{"embeddable":true,"href":"https:\/\/asadep.fr\/index.php\/wp-json\/wp\/v2\/comments?post=87"}],"version-history":[{"count":17,"href":"https:\/\/asadep.fr\/index.php\/wp-json\/wp\/v2\/pages\/87\/revisions"}],"predecessor-version":[{"id":1752,"href":"https:\/\/asadep.fr\/index.php\/wp-json\/wp\/v2\/pages\/87\/revisions\/1752"}],"wp:attachment":[{"href":"https:\/\/asadep.fr\/index.php\/wp-json\/wp\/v2\/media?parent=87"}],"curies":[{"name":"wp","href":"https:\/\/api.w.org\/{rel}","templated":true}]}}